{"id":1026,"date":"2023-09-20T08:26:14","date_gmt":"2023-09-20T06:26:14","guid":{"rendered":"https:\/\/seformerauyoga.com\/?page_id=1026"},"modified":"2025-10-21T08:41:35","modified_gmt":"2025-10-21T06:41:35","slug":"draguignan","status":"publish","type":"page","link":"https:\/\/seformerauyoga.com\/index.php\/draguignan\/","title":{"rendered":"Draguignan &#8211; Olivier Castor &#8211; 2023-2027"},"content":{"rendered":"\t\t<div data-elementor-type=\"wp-page\" data-elementor-id=\"1026\" class=\"elementor elementor-1026\">\n\t\t\t\t\t\t<section class=\"elementor-section elementor-top-section elementor-element elementor-element-74eb80f elementor-section-height-min-height elementor-section-boxed elementor-section-height-default elementor-section-items-middle\" data-id=\"74eb80f\" data-element_type=\"section\" data-e-type=\"section\" data-settings=\"{&quot;background_background&quot;:&quot;classic&quot;}\">\n\t\t\t\t\t\t<div class=\"elementor-container elementor-column-gap-default\">\n\t\t\t\t\t<div class=\"elementor-column elementor-col-100 elementor-top-column elementor-element elementor-element-1635b38\" data-id=\"1635b38\" data-element_type=\"column\" data-e-type=\"column\">\n\t\t\t<div class=\"elementor-widget-wrap elementor-element-populated\">\n\t\t\t\t\t\t<div class=\"elementor-element elementor-element-dc90057 elementor-widget elementor-widget-heading\" data-id=\"dc90057\" data-element_type=\"widget\" data-e-type=\"widget\" data-widget_type=\"heading.default\">\n\t\t\t\t<div class=\"elementor-widget-container\">\n\t\t\t\t\t<h1 class=\"elementor-heading-title elementor-size-default\">SE FORMER AU YOGA<\/h1>\t\t\t\t<\/div>\n\t\t\t\t<\/div>\n\t\t\t\t<div class=\"elementor-element elementor-element-b09770f elementor-widget elementor-widget-heading\" data-id=\"b09770f\" data-element_type=\"widget\" data-e-type=\"widget\" data-widget_type=\"heading.default\">\n\t\t\t\t<div class=\"elementor-widget-container\">\n\t\t\t\t\t<h1 class=\"elementor-heading-title elementor-size-default\">Formations de Yoga \u00e0 Draguignan 2023-2027<br>OLIVIER CASTOR<\/h1>\t\t\t\t<\/div>\n\t\t\t\t<\/div>\n\t\t\t\t\t<\/div>\n\t\t<\/div>\n\t\t\t\t\t<\/div>\n\t\t<\/section>\n\t\t\t\t<section class=\"elementor-section elementor-top-section elementor-element elementor-element-91d6679 elementor-section-content-middle elementor-section-boxed elementor-section-height-default elementor-section-height-default\" data-id=\"91d6679\" data-element_type=\"section\" data-e-type=\"section\">\n\t\t\t\t\t\t<div class=\"elementor-container elementor-column-gap-default\">\n\t\t\t\t\t<div class=\"elementor-column elementor-col-100 elementor-top-column elementor-element elementor-element-f408441\" data-id=\"f408441\" data-element_type=\"column\" data-e-type=\"column\">\n\t\t\t<div class=\"elementor-widget-wrap elementor-element-populated\">\n\t\t\t\t\t\t<section class=\"elementor-section elementor-inner-section elementor-element elementor-element-f4ded32 elementor-section-content-middle elementor-section-boxed elementor-section-height-default elementor-section-height-default\" data-id=\"f4ded32\" data-element_type=\"section\" data-e-type=\"section\">\n\t\t\t\t\t\t<div class=\"elementor-container elementor-column-gap-default\">\n\t\t\t\t\t<div class=\"elementor-column elementor-col-50 elementor-inner-column elementor-element elementor-element-45f2f68\" data-id=\"45f2f68\" data-element_type=\"column\" data-e-type=\"column\">\n\t\t\t<div class=\"elementor-widget-wrap elementor-element-populated\">\n\t\t\t\t\t\t<div class=\"elementor-element elementor-element-61470ba elementor-widget elementor-widget-image\" data-id=\"61470ba\" data-element_type=\"widget\" data-e-type=\"widget\" data-widget_type=\"image.default\">\n\t\t\t\t<div class=\"elementor-widget-container\">\n\t\t\t\t\t\t\t\t\t\t\t\t\t\t\t<img decoding=\"async\" width=\"150\" height=\"180\" src=\"https:\/\/seformerauyoga.com\/wp-content\/uploads\/2023\/09\/IDENTITE-150-x-180.jpg\" class=\"attachment-large size-large wp-image-1063\" alt=\"\" \/>\t\t\t\t\t\t\t\t\t\t\t\t\t\t\t<\/div>\n\t\t\t\t<\/div>\n\t\t\t\t\t<\/div>\n\t\t<\/div>\n\t\t\t\t<div class=\"elementor-column elementor-col-50 elementor-inner-column elementor-element elementor-element-9dfe037\" data-id=\"9dfe037\" data-element_type=\"column\" data-e-type=\"column\">\n\t\t\t<div class=\"elementor-widget-wrap elementor-element-populated\">\n\t\t\t\t\t\t<div class=\"elementor-element elementor-element-e557c63 elementor-widget elementor-widget-heading\" data-id=\"e557c63\" data-element_type=\"widget\" data-e-type=\"widget\" data-widget_type=\"heading.default\">\n\t\t\t\t<div class=\"elementor-widget-container\">\n\t\t\t\t\t<h2 class=\"elementor-heading-title elementor-size-default\">DRAGUIGNAN<\/h2>\t\t\t\t<\/div>\n\t\t\t\t<\/div>\n\t\t\t\t<div class=\"elementor-element elementor-element-51e5965 elementor-widget elementor-widget-heading\" data-id=\"51e5965\" data-element_type=\"widget\" data-e-type=\"widget\" data-widget_type=\"heading.default\">\n\t\t\t\t<div class=\"elementor-widget-container\">\n\t\t\t\t\t<h3 class=\"elementor-heading-title elementor-size-default\">Olivier Castor<\/h3>\t\t\t\t<\/div>\n\t\t\t\t<\/div>\n\t\t\t\t\t<\/div>\n\t\t<\/div>\n\t\t\t\t\t<\/div>\n\t\t<\/section>\n\t\t\t\t<div class=\"elementor-element elementor-element-b2af2c0 elementor-widget elementor-widget-spacer\" data-id=\"b2af2c0\" data-element_type=\"widget\" data-e-type=\"widget\" data-widget_type=\"spacer.default\">\n\t\t\t\t<div class=\"elementor-widget-container\">\n\t\t\t\t\t\t\t<div class=\"elementor-spacer\">\n\t\t\t<div class=\"elementor-spacer-inner\"><\/div>\n\t\t<\/div>\n\t\t\t\t\t\t<\/div>\n\t\t\t\t<\/div>\n\t\t\t\t<div class=\"elementor-element elementor-element-8a9512d elementor-widget elementor-widget-heading\" data-id=\"8a9512d\" data-element_type=\"widget\" data-e-type=\"widget\" data-widget_type=\"heading.default\">\n\t\t\t\t<div class=\"elementor-widget-container\">\n\t\t\t\t\t<h3 class=\"elementor-heading-title elementor-size-default\">Mon parcours<\/h3>\t\t\t\t<\/div>\n\t\t\t\t<\/div>\n\t\t\t\t<div class=\"elementor-element elementor-element-f148079 elementor-widget elementor-widget-text-editor\" data-id=\"f148079\" data-element_type=\"widget\" data-e-type=\"widget\" data-widget_type=\"text-editor.default\">\n\t\t\t\t<div class=\"elementor-widget-container\">\n\t\t\t\t\t\t\t\t\t<p>En 1996, alors \u00e2g\u00e9 de 28 ans, je d\u00e9couvre la richesse du yoga de TKV Desikachar en enseignement individualis\u00e9. Tr\u00e8s rapidement, j\u2019\u00e9prouve le besoin de transmettre \u00e0 mon tour et d\u00e8s 2002 je commence \u00e0 enseigner, en cours de groupe, en parall\u00e8le de la formation de professeurs de yoga que je suis avec <a href=\"https:\/\/www.agamat.fr\/Yoga\/jb.html\">Bernard Bouanchaud<\/a>.<\/p><p>\u00a0<\/p><p>Toujours en qu\u00eate, apr\u00e8s l\u2019obtention de mon dipl\u00f4me de professeur et l\u2019ouverture de cours particuliers pour les \u00e9l\u00e8ves souhaitant aller plus loin sur le chemin du yoga, je poursuis de se former dans le cadre de consultations individuelles avec son formateur.<\/p><p>D\u00e8s 2010, j\u2019int\u00e8gre la premi\u00e8re formation de yoga th\u00e9rapie dispens\u00e9e en France par le\u00a0<a href=\"https:\/\/www.yanayoga.eu\/fr\/yoga\/93-dr-n-chandrasekaran-mbbs.html\">Dr Natesan Chandrasekaran<\/a>. Durant trois ann\u00e9es, j\u2019enrichie mes connaissances en yoga th\u00e9rapie pour les mettre \u00e0 profit dans le cadre des cours particuliers que je dispense. En 2013 puis en 2014, afin de m\u2019impr\u00e9gner de l\u2019essence m\u00eame de cet enseignement, je me rends \u00e0 la source et assiste aux consultations de yoga th\u00e9rapie que le Dr Chandrasekaran donne dans son centre \u00e0 Chennai (Inde).<\/p><p>Dans une d\u00e9marche d\u2019\u00e9volution permanente, toujours en lien avec la tradition, je continue d\u2019enrichir mes connaissances avec Bernard\u00a0Bouanchaud et le Dr Natesan Chandrasekaran que je rencontre r\u00e9guli\u00e8rement afin de les mettre en application dans le cadre des cours collectifs mais surtout particuliers fid\u00e8les \u00e0 la tradition.<\/p><p>De 2014 \u00e0 2016, j\u2019assiste\u00a0Bernard Bouanchaud sur les formations de professeurs de yoga dispens\u00e9es \u00e0 Paris.<\/p><p>En 2016, je rencontre Martyn Neal et d\u00e8s 2019, je m\u2019engage dans un processus d\u2019apprentissage de formateur de 4 ans \u00e0 ses c\u00f4t\u00e9s afin d\u2019int\u00e9grer le coll\u00e8ge des formateurs de l\u2019Institut Fran\u00e7ais du Yoga (IFY).<\/p>\t\t\t\t\t\t\t\t<\/div>\n\t\t\t\t<\/div>\n\t\t\t\t<div class=\"elementor-element elementor-element-0388f0f elementor-widget elementor-widget-heading\" data-id=\"0388f0f\" data-element_type=\"widget\" data-e-type=\"widget\" data-widget_type=\"heading.default\">\n\t\t\t\t<div class=\"elementor-widget-container\">\n\t\t\t\t\t<h3 class=\"elementor-heading-title elementor-size-default\">La transmission du yoga, pour moi et mon r\u00f4le de formatrice<\/h3>\t\t\t\t<\/div>\n\t\t\t\t<\/div>\n\t\t\t\t<div class=\"elementor-element elementor-element-29166db elementor-widget elementor-widget-text-editor\" data-id=\"29166db\" data-element_type=\"widget\" data-e-type=\"widget\" data-widget_type=\"text-editor.default\">\n\t\t\t\t<div class=\"elementor-widget-container\">\n\t\t\t\t\t\t\t\t\t<p>Cette \u00e9volution progressive et graduelle, qui passe par l\u2019exp\u00e9rimentation dans la pratique, mais aussi dans le quotidien, me permet de pouvoir transmettre le yoga, dans le cadre de cours collectifs et particuliers, de stages et d\u2019ateliers que je dispense \u00e0 Draguignan, en parall\u00e8le de ma vie familiale et professionnelle.<\/p><p>\u00catre formateur pour moi c\u2019est transmettre aux personnes qui veulent devenir professeurs mais aussi \u00e0 celles qui sentent que la pratique leur apporte des bienfaits et qui souhaitent approfondir et acqu\u00e9rir des outils suppl\u00e9mentaires pour se d\u00e9couvrir et aller vers l&rsquo;autonomie.<\/p><p>Aujourd\u2019hui, le yoga est en vogue, tout va tr\u00e8s vite. Le r\u00f4le du formateur, dans la lign\u00e9e de mes pr\u00e9d\u00e9cesseurs, est de transmettre le plus justement possible ce riche patrimoine, dans le respect de la tradition, en le modernisant mais sans le d\u00e9naturer.<\/p><p>\u00a0<\/p><p>Ce qui me para\u00eet le plus essentiel, c\u2019est :<\/p><ul><li>D\u00e9couvrir et int\u00e9grer les outils du yoga dans sa pratique afin de les mettre en pratique dans la vie<\/li><li>Cr\u00e9er les conditions, laisser de l\u2019espace et placer l\u2019humain au centre, afin de renforcer la confiance et permettre des transformations<\/li><\/ul>\t\t\t\t\t\t\t\t<\/div>\n\t\t\t\t<\/div>\n\t\t\t\t<div class=\"elementor-element elementor-element-4eb17e2 elementor-align-center elementor-mobile-align-center elementor-widget elementor-widget-button\" data-id=\"4eb17e2\" data-element_type=\"widget\" data-e-type=\"widget\" data-widget_type=\"button.default\">\n\t\t\t\t<div class=\"elementor-widget-container\">\n\t\t\t\t\t\t\t\t\t<div class=\"elementor-button-wrapper\">\n\t\t\t\t\t<a class=\"elementor-button elementor-button-link elementor-size-sm elementor-animation-grow\" href=\"https:\/\/seformerauyoga.com\/wp-content\/uploads\/2023\/09\/Plaquette_Formation_Yoga_Castor.pdf\" target=\"_blank\">\n\t\t\t\t\t\t<span class=\"elementor-button-content-wrapper\">\n\t\t\t\t\t\t\t\t\t<span class=\"elementor-button-text\">T\u00e9l\u00e9chargez la plaquette<\/span>\n\t\t\t\t\t<\/span>\n\t\t\t\t\t<\/a>\n\t\t\t\t<\/div>\n\t\t\t\t\t\t\t\t<\/div>\n\t\t\t\t<\/div>\n\t\t\t\t\t<\/div>\n\t\t<\/div>\n\t\t\t\t\t<\/div>\n\t\t<\/section>\n\t\t\t\t<section class=\"elementor-section elementor-top-section elementor-element elementor-element-558b952 elementor-section-boxed elementor-section-height-default elementor-section-height-default\" data-id=\"558b952\" data-element_type=\"section\" data-e-type=\"section\">\n\t\t\t\t\t\t<div class=\"elementor-container elementor-column-gap-default\">\n\t\t\t\t\t<div class=\"elementor-column elementor-col-66 elementor-top-column elementor-element elementor-element-c1acae8\" data-id=\"c1acae8\" data-element_type=\"column\" data-e-type=\"column\">\n\t\t\t<div class=\"elementor-widget-wrap elementor-element-populated\">\n\t\t\t\t\t\t<div class=\"elementor-element elementor-element-ff08f6d elementor-widget elementor-widget-google_maps\" data-id=\"ff08f6d\" data-element_type=\"widget\" data-e-type=\"widget\" data-widget_type=\"google_maps.default\">\n\t\t\t\t<div class=\"elementor-widget-container\">\n\t\t\t\t\t\t\t<div class=\"elementor-custom-embed\">\n\t\t\t<iframe loading=\"lazy\"\n\t\t\t\t\tsrc=\"https:\/\/maps.google.com\/maps?q=186%2C%20impasse%20de%20la%20Val%C3%A8re%2083300%20DRAGUIGNAN&#038;t=m&#038;z=11&#038;output=embed&#038;iwloc=near\"\n\t\t\t\t\ttitle=\"186, impasse de la Val\u00e8re 83300 DRAGUIGNAN\"\n\t\t\t\t\taria-label=\"186, impasse de la Val\u00e8re 83300 DRAGUIGNAN\"\n\t\t\t><\/iframe>\n\t\t<\/div>\n\t\t\t\t\t\t<\/div>\n\t\t\t\t<\/div>\n\t\t\t\t\t<\/div>\n\t\t<\/div>\n\t\t\t\t<div class=\"elementor-column elementor-col-33 elementor-top-column elementor-element elementor-element-3abc220\" data-id=\"3abc220\" data-element_type=\"column\" data-e-type=\"column\">\n\t\t\t<div class=\"elementor-widget-wrap elementor-element-populated\">\n\t\t\t\t\t\t<div class=\"elementor-element elementor-element-8458528 elementor-widget elementor-widget-heading\" data-id=\"8458528\" data-element_type=\"widget\" data-e-type=\"widget\" data-widget_type=\"heading.default\">\n\t\t\t\t<div class=\"elementor-widget-container\">\n\t\t\t\t\t<h2 class=\"elementor-heading-title elementor-size-default\">Contact<\/h2>\t\t\t\t<\/div>\n\t\t\t\t<\/div>\n\t\t\t\t<div class=\"elementor-element elementor-element-f42ab61 elementor-widget elementor-widget-text-editor\" data-id=\"f42ab61\" data-element_type=\"widget\" data-e-type=\"widget\" data-widget_type=\"text-editor.default\">\n\t\t\t\t<div class=\"elementor-widget-container\">\n\t\t\t\t\t\t\t\t\t<p>Olivier CASTOR<\/p><p>186, impasse de la Val\u00e8re 83300 DRAGUIGNAN <\/p><p>06 13 54 06 97<\/p><p>olivier.castor@orange.fr<\/p><p><a href=\"http:\/\/www.instant-samyoga.fr\/\">http:\/\/www.instant-samyoga.fr\/<\/a><\/p>\t\t\t\t\t\t\t\t<\/div>\n\t\t\t\t<\/div>\n\t\t\t\t\t<\/div>\n\t\t<\/div>\n\t\t\t\t\t<\/div>\n\t\t<\/section>\n\t\t\t\t<\/div>\n\t\t","protected":false},"excerpt":{"rendered":"<p>SE FORMER AU YOGA Formations de Yoga \u00e0 Draguignan 2023-2027OLIVIER CASTOR DRAGUIGNAN Olivier Castor Mon parcours En 1996, alors \u00e2g\u00e9 de 28 ans, je d\u00e9couvre la richesse du yoga de TKV Desikachar en enseignement individualis\u00e9. Tr\u00e8s rapidement, j\u2019\u00e9prouve le besoin de transmettre \u00e0 mon tour et d\u00e8s 2002 je commence \u00e0 enseigner, en cours de [&hellip;]<\/p>\n","protected":false},"author":1,"featured_media":0,"parent":0,"menu_order":0,"comment_status":"closed","ping_status":"open","template":"elementor_header_footer","meta":{"ocean_post_layout":"","ocean_both_sidebars_style":"","ocean_both_sidebars_content_width":0,"ocean_both_sidebars_sidebars_width":0,"ocean_sidebar":"0","ocean_second_sidebar":"0","ocean_disable_margins":"enable","ocean_add_body_class":"","ocean_shortcode_before_top_bar":"","ocean_shortcode_after_top_bar":"","ocean_shortcode_before_header":"","ocean_shortcode_after_header":"","ocean_has_shortcode":"","ocean_shortcode_after_title":"","ocean_shortcode_before_footer_widgets":"","ocean_shortcode_after_footer_widgets":"","ocean_shortcode_before_footer_bottom":"","ocean_shortcode_after_footer_bottom":"","ocean_display_top_bar":"default","ocean_display_header":"default","ocean_header_style":"","ocean_center_header_left_menu":"0","ocean_custom_header_template":"0","ocean_custom_logo":0,"ocean_custom_retina_logo":0,"ocean_custom_logo_max_width":0,"ocean_custom_logo_tablet_max_width":0,"ocean_custom_logo_mobile_max_width":0,"ocean_custom_logo_max_height":0,"ocean_custom_logo_tablet_max_height":0,"ocean_custom_logo_mobile_max_height":0,"ocean_header_custom_menu":"0","ocean_menu_typo_font_family":"0","ocean_menu_typo_font_subset":"","ocean_menu_typo_font_size":0,"ocean_menu_typo_font_size_tablet":0,"ocean_menu_typo_font_size_mobile":0,"ocean_menu_typo_font_size_unit":"px","ocean_menu_typo_font_weight":"","ocean_menu_typo_font_weight_tablet":"","ocean_menu_typo_font_weight_mobile":"","ocean_menu_typo_transform":"","ocean_menu_typo_transform_tablet":"","ocean_menu_typo_transform_mobile":"","ocean_menu_typo_line_height":0,"ocean_menu_typo_line_height_tablet":0,"ocean_menu_typo_line_height_mobile":0,"ocean_menu_typo_line_height_unit":"","ocean_menu_typo_spacing":0,"ocean_menu_typo_spacing_tablet":0,"ocean_menu_typo_spacing_mobile":0,"ocean_menu_typo_spacing_unit":"","ocean_menu_link_color":"","ocean_menu_link_color_hover":"","ocean_menu_link_color_active":"","ocean_menu_link_background":"","ocean_menu_link_hover_background":"","ocean_menu_link_active_background":"","ocean_menu_social_links_bg":"","ocean_menu_social_hover_links_bg":"","ocean_menu_social_links_color":"","ocean_menu_social_hover_links_color":"","ocean_disable_title":"default","ocean_disable_heading":"default","ocean_post_title":"","ocean_post_subheading":"","ocean_post_title_style":"","ocean_post_title_background_color":"","ocean_post_title_background":0,"ocean_post_title_bg_image_position":"","ocean_post_title_bg_image_attachment":"","ocean_post_title_bg_image_repeat":"","ocean_post_title_bg_image_size":"","ocean_post_title_height":0,"ocean_post_title_bg_overlay":0.5,"ocean_post_title_bg_overlay_color":"","ocean_disable_breadcrumbs":"default","ocean_breadcrumbs_color":"","ocean_breadcrumbs_separator_color":"","ocean_breadcrumbs_links_color":"","ocean_breadcrumbs_links_hover_color":"","ocean_display_footer_widgets":"default","ocean_display_footer_bottom":"default","ocean_custom_footer_template":"0","footnotes":""},"class_list":["post-1026","page","type-page","status-publish","hentry","entry"],"_links":{"self":[{"href":"https:\/\/seformerauyoga.com\/index.php\/wp-json\/wp\/v2\/pages\/1026","targetHints":{"allow":["GET"]}}],"collection":[{"href":"https:\/\/seformerauyoga.com\/index.php\/wp-json\/wp\/v2\/pages"}],"about":[{"href":"https:\/\/seformerauyoga.com\/index.php\/wp-json\/wp\/v2\/types\/page"}],"author":[{"embeddable":true,"href":"https:\/\/seformerauyoga.com\/index.php\/wp-json\/wp\/v2\/users\/1"}],"replies":[{"embeddable":true,"href":"https:\/\/seformerauyoga.com\/index.php\/wp-json\/wp\/v2\/comments?post=1026"}],"version-history":[{"count":38,"href":"https:\/\/seformerauyoga.com\/index.php\/wp-json\/wp\/v2\/pages\/1026\/revisions"}],"predecessor-version":[{"id":1545,"href":"https:\/\/seformerauyoga.com\/index.php\/wp-json\/wp\/v2\/pages\/1026\/revisions\/1545"}],"wp:attachment":[{"href":"https:\/\/seformerauyoga.com\/index.php\/wp-json\/wp\/v2\/media?parent=1026"}],"curies":[{"name":"wp","href":"https:\/\/api.w.org\/{rel}","templated":true}]}}