{"id":1281,"date":"2024-05-05T16:46:35","date_gmt":"2024-05-05T14:46:35","guid":{"rendered":"https:\/\/seformerauyoga.com\/?page_id=1281"},"modified":"2024-05-05T16:54:57","modified_gmt":"2024-05-05T14:54:57","slug":"paris-eleonore-graton-2024-2028","status":"publish","type":"page","link":"https:\/\/seformerauyoga.com\/index.php\/paris-eleonore-graton-2024-2028\/","title":{"rendered":"Paris &#8211; El\u00e9onore Graton &#8211; 2024-2028"},"content":{"rendered":"\t\t<div data-elementor-type=\"wp-page\" data-elementor-id=\"1281\" class=\"elementor elementor-1281\">\n\t\t\t\t\t\t<section class=\"elementor-section elementor-top-section elementor-element elementor-element-74eb80f elementor-section-height-min-height elementor-section-boxed elementor-section-height-default elementor-section-items-middle\" data-id=\"74eb80f\" data-element_type=\"section\" data-e-type=\"section\" data-settings=\"{&quot;background_background&quot;:&quot;classic&quot;}\">\n\t\t\t\t\t\t<div class=\"elementor-container elementor-column-gap-default\">\n\t\t\t\t\t<div class=\"elementor-column elementor-col-100 elementor-top-column elementor-element elementor-element-1635b38\" data-id=\"1635b38\" data-element_type=\"column\" data-e-type=\"column\">\n\t\t\t<div class=\"elementor-widget-wrap elementor-element-populated\">\n\t\t\t\t\t\t<div class=\"elementor-element elementor-element-dc90057 elementor-widget elementor-widget-heading\" data-id=\"dc90057\" data-element_type=\"widget\" data-e-type=\"widget\" data-widget_type=\"heading.default\">\n\t\t\t\t<div class=\"elementor-widget-container\">\n\t\t\t\t\t<h1 class=\"elementor-heading-title elementor-size-default\">se former au yoga<\/h1>\t\t\t\t<\/div>\n\t\t\t\t<\/div>\n\t\t\t\t<div class=\"elementor-element elementor-element-b09770f elementor-widget elementor-widget-heading\" data-id=\"b09770f\" data-element_type=\"widget\" data-e-type=\"widget\" data-widget_type=\"heading.default\">\n\t\t\t\t<div class=\"elementor-widget-container\">\n\t\t\t\t\t<h1 class=\"elementor-heading-title elementor-size-default\">Formations de Yoga \u00e0 Paris<br>Octobre 2024-Aout 2028 El\u00e9onore Gratton<\/h1>\t\t\t\t<\/div>\n\t\t\t\t<\/div>\n\t\t\t\t\t<\/div>\n\t\t<\/div>\n\t\t\t\t\t<\/div>\n\t\t<\/section>\n\t\t\t\t<section class=\"elementor-section elementor-top-section elementor-element elementor-element-91d6679 elementor-section-content-middle elementor-section-boxed elementor-section-height-default elementor-section-height-default\" data-id=\"91d6679\" data-element_type=\"section\" data-e-type=\"section\">\n\t\t\t\t\t\t<div class=\"elementor-container elementor-column-gap-default\">\n\t\t\t\t\t<div class=\"elementor-column elementor-col-100 elementor-top-column elementor-element elementor-element-f408441\" data-id=\"f408441\" data-element_type=\"column\" data-e-type=\"column\">\n\t\t\t<div class=\"elementor-widget-wrap elementor-element-populated\">\n\t\t\t\t\t\t<section class=\"elementor-section elementor-inner-section elementor-element elementor-element-f4ded32 elementor-section-content-middle elementor-section-boxed elementor-section-height-default elementor-section-height-default\" data-id=\"f4ded32\" data-element_type=\"section\" data-e-type=\"section\">\n\t\t\t\t\t\t<div class=\"elementor-container elementor-column-gap-default\">\n\t\t\t\t\t<div class=\"elementor-column elementor-col-50 elementor-inner-column elementor-element elementor-element-45f2f68\" data-id=\"45f2f68\" data-element_type=\"column\" data-e-type=\"column\">\n\t\t\t<div class=\"elementor-widget-wrap elementor-element-populated\">\n\t\t\t\t\t\t<div class=\"elementor-element elementor-element-61470ba elementor-widget elementor-widget-image\" data-id=\"61470ba\" data-element_type=\"widget\" data-e-type=\"widget\" data-widget_type=\"image.default\">\n\t\t\t\t<div class=\"elementor-widget-container\">\n\t\t\t\t\t\t\t\t\t\t\t\t\t\t\t<img decoding=\"async\" src=\"https:\/\/seformerauyoga.com\/wp-content\/uploads\/2023\/09\/GRATTON-1000-X-1000.jpg\" title=\"\" alt=\"\" loading=\"lazy\" \/>\t\t\t\t\t\t\t\t\t\t\t\t\t\t\t<\/div>\n\t\t\t\t<\/div>\n\t\t\t\t\t<\/div>\n\t\t<\/div>\n\t\t\t\t<div class=\"elementor-column elementor-col-50 elementor-inner-column elementor-element elementor-element-9dfe037\" data-id=\"9dfe037\" data-element_type=\"column\" data-e-type=\"column\">\n\t\t\t<div class=\"elementor-widget-wrap elementor-element-populated\">\n\t\t\t\t\t\t<div class=\"elementor-element elementor-element-e557c63 elementor-widget elementor-widget-heading\" data-id=\"e557c63\" data-element_type=\"widget\" data-e-type=\"widget\" data-widget_type=\"heading.default\">\n\t\t\t\t<div class=\"elementor-widget-container\">\n\t\t\t\t\t<h2 class=\"elementor-heading-title elementor-size-default\">Paris<\/h2>\t\t\t\t<\/div>\n\t\t\t\t<\/div>\n\t\t\t\t<div class=\"elementor-element elementor-element-51e5965 elementor-widget elementor-widget-heading\" data-id=\"51e5965\" data-element_type=\"widget\" data-e-type=\"widget\" data-widget_type=\"heading.default\">\n\t\t\t\t<div class=\"elementor-widget-container\">\n\t\t\t\t\t<h3 class=\"elementor-heading-title elementor-size-default\">El\u00e9onore Gratton<\/h3>\t\t\t\t<\/div>\n\t\t\t\t<\/div>\n\t\t\t\t\t<\/div>\n\t\t<\/div>\n\t\t\t\t\t<\/div>\n\t\t<\/section>\n\t\t\t\t<div class=\"elementor-element elementor-element-b2af2c0 elementor-widget elementor-widget-spacer\" data-id=\"b2af2c0\" data-element_type=\"widget\" data-e-type=\"widget\" data-widget_type=\"spacer.default\">\n\t\t\t\t<div class=\"elementor-widget-container\">\n\t\t\t\t\t\t\t<div class=\"elementor-spacer\">\n\t\t\t<div class=\"elementor-spacer-inner\"><\/div>\n\t\t<\/div>\n\t\t\t\t\t\t<\/div>\n\t\t\t\t<\/div>\n\t\t\t\t<div class=\"elementor-element elementor-element-8a9512d elementor-widget elementor-widget-heading\" data-id=\"8a9512d\" data-element_type=\"widget\" data-e-type=\"widget\" data-widget_type=\"heading.default\">\n\t\t\t\t<div class=\"elementor-widget-container\">\n\t\t\t\t\t<h3 class=\"elementor-heading-title elementor-size-default\">Mon parcours<\/h3>\t\t\t\t<\/div>\n\t\t\t\t<\/div>\n\t\t\t\t<div class=\"elementor-element elementor-element-f148079 elementor-widget elementor-widget-text-editor\" data-id=\"f148079\" data-element_type=\"widget\" data-e-type=\"widget\" data-widget_type=\"text-editor.default\">\n\t\t\t\t<div class=\"elementor-widget-container\">\n\t\t\t\t\t\t\t\t\t<p>Le yoga est entr\u00e9 dans ma vie en 1997, ann\u00e9e o\u00f9 ma professeure d\u2019art lyrique m\u2019a invit\u00e9e \u00e0 assister au cours d\u2019hatha-yoga qu\u2019elle suivait alors.<\/p><p>Com\u00e9dienne et chanteuse, j\u2019ai exerc\u00e9 mon m\u00e9tier d\u2019artiste pendant 20 ans tout en enseignant le th\u00e9\u00e2tre et la voix chant\u00e9e-parl\u00e9e. La transmission fait partie de mon parcours. Elle inspire mes diff\u00e9rentes pratiques, affine l\u2019observation et l\u2019\u00e9coute, tout en posant la question fondamentale de la relation. Les disciplines de la sc\u00e8ne partagent avec le yoga un espace sensible particulier. Un espace de pr\u00e9sence, de conscience du mouvement et du souffle. Un espace de cr\u00e9ativit\u00e9.<\/p><p>Form\u00e9e \u00e0 l\u2019Institut Fran\u00e7ais du Yoga aupr\u00e8s de Marina Margherita, j\u2019enseigne depuis 2011 \u00e0 Paris en institut, en entreprise et dans des \u00e9coles d\u2019art dramatique. En 2018 je poursuis mon apprentissage aupr\u00e8s de Martyn Neal et j\u2019int\u00e8gre le Coll\u00e8ge des formateurs de l\u2019IFY en 2022.<br \/>En 2023, je finalise un Dipl\u00f4me Universitaire \u00ab Pens\u00e9es et spiritualit\u00e9s d\u2019Asie, composante Inde \u00bb sous la direction d\u2019Ys\u00e9 Tardan Masquelier. <br \/>La voix est une exp\u00e9rience sensible \u00e0 l\u2019instar du yoga. Elle est source d\u2019exp\u00e9rimentation et r\u00e9v\u00e8le l\u2019intime. Elle m\u2019a men\u00e9e au yoga. Tout naturellement le chant v\u00e9dique a pris place dans ma pratique \u00e0 travers l\u2019enseignement de Laurence Maman et Martyn Neal.<\/p><p>Certifi\u00e9e en chant pr\u00e9natal en 2008, je me suis sp\u00e9cialis\u00e9e et ai enseign\u00e9 le yoga pr\u00e9natal. J\u2019ai \u00e9galement enseign\u00e9 en milieu scolaire les disciplines du yoga et du th\u00e9\u00e2tre.<br \/>Dans le cadre yoga-sant\u00e9 je collabore r\u00e9guli\u00e8rement avec diff\u00e9rents th\u00e9rapeutes (m\u00e9decins, ost\u00e9opathes, nutritionnistes, psychologues) et je me forme \u00e0 la physiologie r\u00e9flexe, \u00a9Le Geste R\u00e9actif.<br \/>J\u2019interviens par ailleurs dans diverses structures sur les th\u00e9matiques : prise de parole, expression orale et corporelle, gestion du stress, collaboration et accompagnement artistique.<\/p>\t\t\t\t\t\t\t\t<\/div>\n\t\t\t\t<\/div>\n\t\t\t\t<div class=\"elementor-element elementor-element-0388f0f elementor-widget elementor-widget-heading\" data-id=\"0388f0f\" data-element_type=\"widget\" data-e-type=\"widget\" data-widget_type=\"heading.default\">\n\t\t\t\t<div class=\"elementor-widget-container\">\n\t\t\t\t\t<h3 class=\"elementor-heading-title elementor-size-default\">La transmission du yoga, pour moi et mon r\u00f4le de formatrice<\/h3>\t\t\t\t<\/div>\n\t\t\t\t<\/div>\n\t\t\t\t<div class=\"elementor-element elementor-element-29166db elementor-widget elementor-widget-text-editor\" data-id=\"29166db\" data-element_type=\"widget\" data-e-type=\"widget\" data-widget_type=\"text-editor.default\">\n\t\t\t\t<div class=\"elementor-widget-container\">\n\t\t\t\t\t\t\t\t\t<p>Transmettre le yoga c\u2019est se mettre au service de l\u2019\u00e9lan de transformation propre \u00e0 chacun, tout en partageant les techniques inh\u00e9rentes \u00e0 cette discipline mill\u00e9naire et syst\u00e9mique. Les textes indiens de r\u00e9f\u00e9rences et la tradition de TKV Desikachar sont les socles pour accompagner cet enseignement.<\/p><p>Dans un cadre d\u00e9termin\u00e9, mon souhait en tant que formatrice est de partager connaissances et inspirations, afin que le stagiaire, \u00e0 l\u2019\u00e9coute de sa singularit\u00e9, approfondisse sa propre trajectoire de pratiquant et sa vocation d\u2019enseignant.<\/p>\t\t\t\t\t\t\t\t<\/div>\n\t\t\t\t<\/div>\n\t\t\t\t<div class=\"elementor-element elementor-element-4eb17e2 elementor-align-center elementor-mobile-align-center elementor-widget elementor-widget-button\" data-id=\"4eb17e2\" data-element_type=\"widget\" data-e-type=\"widget\" data-widget_type=\"button.default\">\n\t\t\t\t<div class=\"elementor-widget-container\">\n\t\t\t\t\t\t\t\t\t<div class=\"elementor-button-wrapper\">\n\t\t\t\t\t<a class=\"elementor-button elementor-button-link elementor-size-sm elementor-animation-grow\" href=\"https:\/\/seformerauyoga.com\/wp-content\/uploads\/2024\/05\/Plaquette-FormationYoga-2024-Eleonore-Gratton.pdf\" target=\"_blank\">\n\t\t\t\t\t\t<span class=\"elementor-button-content-wrapper\">\n\t\t\t\t\t\t\t\t\t<span class=\"elementor-button-text\">T\u00e9l\u00e9chargez la plaquette<\/span>\n\t\t\t\t\t<\/span>\n\t\t\t\t\t<\/a>\n\t\t\t\t<\/div>\n\t\t\t\t\t\t\t\t<\/div>\n\t\t\t\t<\/div>\n\t\t\t\t\t<\/div>\n\t\t<\/div>\n\t\t\t\t\t<\/div>\n\t\t<\/section>\n\t\t\t\t<section class=\"elementor-section elementor-top-section elementor-element elementor-element-558b952 elementor-section-boxed elementor-section-height-default elementor-section-height-default\" data-id=\"558b952\" data-element_type=\"section\" data-e-type=\"section\">\n\t\t\t\t\t\t<div class=\"elementor-container elementor-column-gap-default\">\n\t\t\t\t\t<div class=\"elementor-column elementor-col-66 elementor-top-column elementor-element elementor-element-c1acae8\" data-id=\"c1acae8\" data-element_type=\"column\" data-e-type=\"column\">\n\t\t\t<div class=\"elementor-widget-wrap elementor-element-populated\">\n\t\t\t\t\t\t<div class=\"elementor-element elementor-element-ff08f6d elementor-widget elementor-widget-google_maps\" data-id=\"ff08f6d\" data-element_type=\"widget\" data-e-type=\"widget\" data-widget_type=\"google_maps.default\">\n\t\t\t\t<div class=\"elementor-widget-container\">\n\t\t\t\t\t\t\t<div class=\"elementor-custom-embed\">\n\t\t\t<iframe loading=\"lazy\"\n\t\t\t\t\tsrc=\"https:\/\/maps.google.com\/maps?q=137%20RUE%20DES%20MONTS%20CLAIRS%2092700%20COLOMBE&#038;t=m&#038;z=11&#038;output=embed&#038;iwloc=near\"\n\t\t\t\t\ttitle=\"137 RUE DES MONTS CLAIRS 92700 COLOMBE\"\n\t\t\t\t\taria-label=\"137 RUE DES MONTS CLAIRS 92700 COLOMBE\"\n\t\t\t><\/iframe>\n\t\t<\/div>\n\t\t\t\t\t\t<\/div>\n\t\t\t\t<\/div>\n\t\t\t\t\t<\/div>\n\t\t<\/div>\n\t\t\t\t<div class=\"elementor-column elementor-col-33 elementor-top-column elementor-element elementor-element-3abc220\" data-id=\"3abc220\" data-element_type=\"column\" data-e-type=\"column\">\n\t\t\t<div class=\"elementor-widget-wrap elementor-element-populated\">\n\t\t\t\t\t\t<div class=\"elementor-element elementor-element-8458528 elementor-widget elementor-widget-heading\" data-id=\"8458528\" data-element_type=\"widget\" data-e-type=\"widget\" data-widget_type=\"heading.default\">\n\t\t\t\t<div class=\"elementor-widget-container\">\n\t\t\t\t\t<h2 class=\"elementor-heading-title elementor-size-default\">Contact<\/h2>\t\t\t\t<\/div>\n\t\t\t\t<\/div>\n\t\t\t\t<div class=\"elementor-element elementor-element-f42ab61 elementor-widget elementor-widget-text-editor\" data-id=\"f42ab61\" data-element_type=\"widget\" data-e-type=\"widget\" data-widget_type=\"text-editor.default\">\n\t\t\t\t<div class=\"elementor-widget-container\">\n\t\t\t\t\t\t\t\t\t<p>El\u00e9onore Graton<\/p><p>137 rue des Monts Clairs -92700 Colombes<\/p><p>06 03 46 56 28<\/p><p><a href=\"mailto:contact@eleonoregratton.com\">contact@eleonoregratton.com<\/a><\/p><p><a href=\"https:\/\/eleonoregratton.com\">eleonoregratton.com<\/a><\/p>\t\t\t\t\t\t\t\t<\/div>\n\t\t\t\t<\/div>\n\t\t\t\t\t<\/div>\n\t\t<\/div>\n\t\t\t\t\t<\/div>\n\t\t<\/section>\n\t\t\t\t<\/div>\n\t\t","protected":false},"excerpt":{"rendered":"<p>se former au yoga Formations de Yoga \u00e0 ParisOctobre 2024-Aout 2028 El\u00e9onore Gratton Paris El\u00e9onore Gratton Mon parcours Le yoga est entr\u00e9 dans ma vie en 1997, ann\u00e9e o\u00f9 ma professeure d\u2019art lyrique m\u2019a invit\u00e9e \u00e0 assister au cours d\u2019hatha-yoga qu\u2019elle suivait alors. Com\u00e9dienne et chanteuse, j\u2019ai exerc\u00e9 mon m\u00e9tier d\u2019artiste pendant 20 ans tout [&hellip;]<\/p>\n","protected":false},"author":1,"featured_media":0,"parent":0,"menu_order":0,"comment_status":"closed","ping_status":"open","template":"elementor_header_footer","meta":{"ocean_post_layout":"","ocean_both_sidebars_style":"","ocean_both_sidebars_content_width":0,"ocean_both_sidebars_sidebars_width":0,"ocean_sidebar":"0","ocean_second_sidebar":"0","ocean_disable_margins":"enable","ocean_add_body_class":"","ocean_shortcode_before_top_bar":"","ocean_shortcode_after_top_bar":"","ocean_shortcode_before_header":"","ocean_shortcode_after_header":"","ocean_has_shortcode":"","ocean_shortcode_after_title":"","ocean_shortcode_before_footer_widgets":"","ocean_shortcode_after_footer_widgets":"","ocean_shortcode_before_footer_bottom":"","ocean_shortcode_after_footer_bottom":"","ocean_display_top_bar":"default","ocean_display_header":"default","ocean_header_style":"","ocean_center_header_left_menu":"0","ocean_custom_header_template":"0","ocean_custom_logo":0,"ocean_custom_retina_logo":0,"ocean_custom_logo_max_width":0,"ocean_custom_logo_tablet_max_width":0,"ocean_custom_logo_mobile_max_width":0,"ocean_custom_logo_max_height":0,"ocean_custom_logo_tablet_max_height":0,"ocean_custom_logo_mobile_max_height":0,"ocean_header_custom_menu":"0","ocean_menu_typo_font_family":"0","ocean_menu_typo_font_subset":"","ocean_menu_typo_font_size":0,"ocean_menu_typo_font_size_tablet":0,"ocean_menu_typo_font_size_mobile":0,"ocean_menu_typo_font_size_unit":"px","ocean_menu_typo_font_weight":"","ocean_menu_typo_font_weight_tablet":"","ocean_menu_typo_font_weight_mobile":"","ocean_menu_typo_transform":"","ocean_menu_typo_transform_tablet":"","ocean_menu_typo_transform_mobile":"","ocean_menu_typo_line_height":0,"ocean_menu_typo_line_height_tablet":0,"ocean_menu_typo_line_height_mobile":0,"ocean_menu_typo_line_height_unit":"","ocean_menu_typo_spacing":0,"ocean_menu_typo_spacing_tablet":0,"ocean_menu_typo_spacing_mobile":0,"ocean_menu_typo_spacing_unit":"","ocean_menu_link_color":"","ocean_menu_link_color_hover":"","ocean_menu_link_color_active":"","ocean_menu_link_background":"","ocean_menu_link_hover_background":"","ocean_menu_link_active_background":"","ocean_menu_social_links_bg":"","ocean_menu_social_hover_links_bg":"","ocean_menu_social_links_color":"","ocean_menu_social_hover_links_color":"","ocean_disable_title":"default","ocean_disable_heading":"default","ocean_post_title":"","ocean_post_subheading":"","ocean_post_title_style":"","ocean_post_title_background_color":"","ocean_post_title_background":0,"ocean_post_title_bg_image_position":"","ocean_post_title_bg_image_attachment":"","ocean_post_title_bg_image_repeat":"","ocean_post_title_bg_image_size":"","ocean_post_title_height":0,"ocean_post_title_bg_overlay":0.5,"ocean_post_title_bg_overlay_color":"","ocean_disable_breadcrumbs":"default","ocean_breadcrumbs_color":"","ocean_breadcrumbs_separator_color":"","ocean_breadcrumbs_links_color":"","ocean_breadcrumbs_links_hover_color":"","ocean_display_footer_widgets":"default","ocean_display_footer_bottom":"default","ocean_custom_footer_template":"0","footnotes":""},"class_list":["post-1281","page","type-page","status-publish","hentry","entry"],"_links":{"self":[{"href":"https:\/\/seformerauyoga.com\/index.php\/wp-json\/wp\/v2\/pages\/1281","targetHints":{"allow":["GET"]}}],"collection":[{"href":"https:\/\/seformerauyoga.com\/index.php\/wp-json\/wp\/v2\/pages"}],"about":[{"href":"https:\/\/seformerauyoga.com\/index.php\/wp-json\/wp\/v2\/types\/page"}],"author":[{"embeddable":true,"href":"https:\/\/seformerauyoga.com\/index.php\/wp-json\/wp\/v2\/users\/1"}],"replies":[{"embeddable":true,"href":"https:\/\/seformerauyoga.com\/index.php\/wp-json\/wp\/v2\/comments?post=1281"}],"version-history":[{"count":7,"href":"https:\/\/seformerauyoga.com\/index.php\/wp-json\/wp\/v2\/pages\/1281\/revisions"}],"predecessor-version":[{"id":1289,"href":"https:\/\/seformerauyoga.com\/index.php\/wp-json\/wp\/v2\/pages\/1281\/revisions\/1289"}],"wp:attachment":[{"href":"https:\/\/seformerauyoga.com\/index.php\/wp-json\/wp\/v2\/media?parent=1281"}],"curies":[{"name":"wp","href":"https:\/\/api.w.org\/{rel}","templated":true}]}}