{"id":188,"date":"2022-01-30T16:58:37","date_gmt":"2022-01-30T15:58:37","guid":{"rendered":"https:\/\/seformerauyoga.com\/?page_id=188"},"modified":"2025-10-21T08:43:02","modified_gmt":"2025-10-21T06:43:02","slug":"bourgogne-franche-comte","status":"publish","type":"page","link":"https:\/\/seformerauyoga.com\/index.php\/bourgogne-franche-comte\/","title":{"rendered":"Bourgogne Franche-Comt\u00e9 &#8211; Isabelle Croset &#8211; 2023-2027"},"content":{"rendered":"\t\t<div data-elementor-type=\"wp-page\" data-elementor-id=\"188\" class=\"elementor elementor-188\">\n\t\t\t\t\t\t<section class=\"elementor-section elementor-top-section elementor-element elementor-element-a4c90fd elementor-section-height-min-height elementor-section-boxed elementor-section-height-default elementor-section-items-middle\" data-id=\"a4c90fd\" data-element_type=\"section\" data-e-type=\"section\" data-settings=\"{&quot;background_background&quot;:&quot;classic&quot;}\">\n\t\t\t\t\t\t<div class=\"elementor-container elementor-column-gap-default\">\n\t\t\t\t\t<div class=\"elementor-column elementor-col-100 elementor-top-column elementor-element elementor-element-158445a\" data-id=\"158445a\" data-element_type=\"column\" data-e-type=\"column\">\n\t\t\t<div class=\"elementor-widget-wrap elementor-element-populated\">\n\t\t\t\t\t\t<div class=\"elementor-element elementor-element-71b8d18 elementor-widget elementor-widget-heading\" data-id=\"71b8d18\" data-element_type=\"widget\" data-e-type=\"widget\" data-widget_type=\"heading.default\">\n\t\t\t\t<div class=\"elementor-widget-container\">\n\t\t\t\t\t<h1 class=\"elementor-heading-title elementor-size-default\">SE FORMER AU YOGA<\/h1>\t\t\t\t<\/div>\n\t\t\t\t<\/div>\n\t\t\t\t<div class=\"elementor-element elementor-element-75fd3a2 elementor-widget elementor-widget-heading\" data-id=\"75fd3a2\" data-element_type=\"widget\" data-e-type=\"widget\" data-widget_type=\"heading.default\">\n\t\t\t\t<div class=\"elementor-widget-container\">\n\t\t\t\t\t<h1 class=\"elementor-heading-title elementor-size-default\">Formations de Yoga en Bourgogne Franche Cont\u00e9<br>2023-2027 ISABELLE CROSET<\/h1>\t\t\t\t<\/div>\n\t\t\t\t<\/div>\n\t\t\t\t\t<\/div>\n\t\t<\/div>\n\t\t\t\t\t<\/div>\n\t\t<\/section>\n\t\t\t\t<section class=\"elementor-section elementor-top-section elementor-element elementor-element-16206a8 elementor-section-content-middle elementor-section-boxed elementor-section-height-default elementor-section-height-default\" data-id=\"16206a8\" data-element_type=\"section\" data-e-type=\"section\">\n\t\t\t\t\t\t<div class=\"elementor-container elementor-column-gap-default\">\n\t\t\t\t\t<div class=\"elementor-column elementor-col-100 elementor-top-column elementor-element elementor-element-2fbb958\" data-id=\"2fbb958\" data-element_type=\"column\" data-e-type=\"column\">\n\t\t\t<div class=\"elementor-widget-wrap elementor-element-populated\">\n\t\t\t\t\t\t<section class=\"elementor-section elementor-inner-section elementor-element elementor-element-4116f2f elementor-section-content-middle elementor-section-boxed elementor-section-height-default elementor-section-height-default\" data-id=\"4116f2f\" data-element_type=\"section\" data-e-type=\"section\">\n\t\t\t\t\t\t<div class=\"elementor-container elementor-column-gap-default\">\n\t\t\t\t\t<div class=\"elementor-column elementor-col-50 elementor-inner-column elementor-element elementor-element-9ced15e\" data-id=\"9ced15e\" data-element_type=\"column\" data-e-type=\"column\">\n\t\t\t<div class=\"elementor-widget-wrap elementor-element-populated\">\n\t\t\t\t\t\t<div class=\"elementor-element elementor-element-feba8c4 elementor-widget elementor-widget-image\" data-id=\"feba8c4\" data-element_type=\"widget\" data-e-type=\"widget\" data-widget_type=\"image.default\">\n\t\t\t\t<div class=\"elementor-widget-container\">\n\t\t\t\t\t\t\t\t\t\t\t\t\t\t\t<img fetchpriority=\"high\" decoding=\"async\" width=\"450\" height=\"450\" src=\"https:\/\/seformerauyoga.com\/wp-content\/uploads\/2022\/01\/ISABELLE-CROZET-carre\u0301.jpg\" class=\"attachment-large size-large wp-image-169\" alt=\"\" srcset=\"https:\/\/seformerauyoga.com\/wp-content\/uploads\/2022\/01\/ISABELLE-CROZET-carre\u0301.jpg 450w, https:\/\/seformerauyoga.com\/wp-content\/uploads\/2022\/01\/ISABELLE-CROZET-carre\u0301-300x300.jpg 300w, https:\/\/seformerauyoga.com\/wp-content\/uploads\/2022\/01\/ISABELLE-CROZET-carre\u0301-150x150.jpg 150w\" sizes=\"(max-width: 450px) 100vw, 450px\" \/>\t\t\t\t\t\t\t\t\t\t\t\t\t\t\t<\/div>\n\t\t\t\t<\/div>\n\t\t\t\t\t<\/div>\n\t\t<\/div>\n\t\t\t\t<div class=\"elementor-column elementor-col-50 elementor-inner-column elementor-element elementor-element-1a0614f\" data-id=\"1a0614f\" data-element_type=\"column\" data-e-type=\"column\">\n\t\t\t<div class=\"elementor-widget-wrap elementor-element-populated\">\n\t\t\t\t\t\t<div class=\"elementor-element elementor-element-e1f22a0 elementor-widget elementor-widget-heading\" data-id=\"e1f22a0\" data-element_type=\"widget\" data-e-type=\"widget\" data-widget_type=\"heading.default\">\n\t\t\t\t<div class=\"elementor-widget-container\">\n\t\t\t\t\t<h2 class=\"elementor-heading-title elementor-size-default\">Bourgogne Franche-Comt\u00e9<\/h2>\t\t\t\t<\/div>\n\t\t\t\t<\/div>\n\t\t\t\t<div class=\"elementor-element elementor-element-9a5834c elementor-widget elementor-widget-heading\" data-id=\"9a5834c\" data-element_type=\"widget\" data-e-type=\"widget\" data-widget_type=\"heading.default\">\n\t\t\t\t<div class=\"elementor-widget-container\">\n\t\t\t\t\t<h3 class=\"elementor-heading-title elementor-size-default\">Isabelle Croset<\/h3>\t\t\t\t<\/div>\n\t\t\t\t<\/div>\n\t\t\t\t\t<\/div>\n\t\t<\/div>\n\t\t\t\t\t<\/div>\n\t\t<\/section>\n\t\t\t\t<div class=\"elementor-element elementor-element-7feabbf elementor-widget elementor-widget-spacer\" data-id=\"7feabbf\" data-element_type=\"widget\" data-e-type=\"widget\" data-widget_type=\"spacer.default\">\n\t\t\t\t<div class=\"elementor-widget-container\">\n\t\t\t\t\t\t\t<div class=\"elementor-spacer\">\n\t\t\t<div class=\"elementor-spacer-inner\"><\/div>\n\t\t<\/div>\n\t\t\t\t\t\t<\/div>\n\t\t\t\t<\/div>\n\t\t\t\t<div class=\"elementor-element elementor-element-c7a1841 elementor-widget elementor-widget-heading\" data-id=\"c7a1841\" data-element_type=\"widget\" data-e-type=\"widget\" data-widget_type=\"heading.default\">\n\t\t\t\t<div class=\"elementor-widget-container\">\n\t\t\t\t\t<h3 class=\"elementor-heading-title elementor-size-default\">Parcours<\/h3>\t\t\t\t<\/div>\n\t\t\t\t<\/div>\n\t\t\t\t<div class=\"elementor-element elementor-element-6d589c2 elementor-widget elementor-widget-text-editor\" data-id=\"6d589c2\" data-element_type=\"widget\" data-e-type=\"widget\" data-widget_type=\"text-editor.default\">\n\t\t\t\t<div class=\"elementor-widget-container\">\n\t\t\t\t\t\t\t\t\tDanseuse de formation, Isabelle s\u2019int\u00e9resse particuli\u00e8rement aux danses guerri\u00e8res et gestuelles martiales. Elle ira \u00e9tudier 2 ans en Chine afin d\u2019approfondir sa connaissance des Arts Martiaux Chinois. Elle est aujourd\u2019hui, dipl\u00f4m\u00e9e f\u00e9d\u00e9rale pour l\u2019enseignement des arts internes chinois.<br><br>\nIsabelle commence la pratique du yoga en 1984 avec Barbara Hervey professeure de l\u2019\u00e9cole d\u2019Eva Ruchpaul \u00e0 Paris durant 4 ans. Puis elle suit l\u2019enseignement de yogi Bhajan en Kundalini-yoga pendant 10 ans. Au cours de ses nombreux voyages en Inde, elle s\u2019int\u00e9resse aux divers enseignements du yoga et \u00e9tudie avec Rudra Dev, \u00e9l\u00e8ve de B.K.S Iyengar.\n<br><br>\nEn 1996 Isabelle fonde les \u00ab 3 arts \u00bb : \u00e9cole de yoga et d\u2019Arts internes Chinois.\n<br><br>\nParticuli\u00e8rement s\u00e9duite par la qualit\u00e9 et la richesse de l\u2019enseignement de T. Krishnamacarya qu\u2019elle re\u00e7oit de son formateur Bernard Bouanchaud, elle rejoint en 2002 l\u2019Institut Fran\u00e7ais de Yoga (IFY) et poursuit ses \u00e9tudes en yoga et yoga-th\u00e9rapie en Europe et en Inde avec T.K.V.Desikachar et son fils.\n<br><br>\nElle est dipl\u00f4m\u00e9e en yoga-th\u00e9rapie par l\u2019\u00e9cole de Chennai en Inde depuis 2011.\n<br><br>\nElle est formatrice certifi\u00e9e par T.K.V. Desikachar depuis 2009 et par l\u2019Institut Fran\u00e7ais de Yoga (IFY) depuis 2013\n<br><br>\nPsycho-praticienne en psychosynth\u00e8se agr\u00e9\u00e9e, elle exerce au Pays Basque depuis 2002 parall\u00e8lement \u00e0 son activit\u00e9 de professeure de yoga et de formatrice IFY.\n<br><br>\nElle propose ses formations au Pays-basque et en Bourgogne.\t\t\t\t\t\t\t\t<\/div>\n\t\t\t\t<\/div>\n\t\t\t\t<div class=\"elementor-element elementor-element-a59a55a elementor-widget elementor-widget-heading\" data-id=\"a59a55a\" data-element_type=\"widget\" data-e-type=\"widget\" data-widget_type=\"heading.default\">\n\t\t\t\t<div class=\"elementor-widget-container\">\n\t\t\t\t\t<h3 class=\"elementor-heading-title elementor-size-default\">Mon r\u00f4le de formatrice<\/h3>\t\t\t\t<\/div>\n\t\t\t\t<\/div>\n\t\t\t\t<div class=\"elementor-element elementor-element-6523fb7 elementor-widget elementor-widget-text-editor\" data-id=\"6523fb7\" data-element_type=\"widget\" data-e-type=\"widget\" data-widget_type=\"text-editor.default\">\n\t\t\t\t<div class=\"elementor-widget-container\">\n\t\t\t\t\t\t\t\t\t<p>Enseigner, former, c\u2019est partager mon go\u00fbt d\u2019apprendre, d\u2019\u00e9tudier. C\u2019est partager mon exp\u00e9rience du yoga avec d\u2019autres tout en respectant leur exp\u00e9rience propre. C\u2019est \u00eatre et se retrouver dans un espace d\u2019\u00e9tude et d\u2019apprentissage vivant, cr\u00e9atif et nuanc\u00e9. C\u2019est aussi participer \u00e0 l\u2019assurance d\u2019une transmission de qualit\u00e9 pour les professeurs, afin d\u2019assurer aux futurs \u00e9l\u00e8ves un enseignement respectant l\u2019h\u00e9ritage de cette tradition de yoga.<\/p><p>Programme d\u00e9taill\u00e9 sur demande.<\/p>\t\t\t\t\t\t\t\t<\/div>\n\t\t\t\t<\/div>\n\t\t\t\t<div class=\"elementor-element elementor-element-a07b426 elementor-align-center elementor-mobile-align-center elementor-widget elementor-widget-button\" data-id=\"a07b426\" data-element_type=\"widget\" data-e-type=\"widget\" data-widget_type=\"button.default\">\n\t\t\t\t<div class=\"elementor-widget-container\">\n\t\t\t\t\t\t\t\t\t<div class=\"elementor-button-wrapper\">\n\t\t\t\t\t<a class=\"elementor-button elementor-button-link elementor-size-sm elementor-animation-grow\" href=\"https:\/\/seformerauyoga.com\/wp-content\/uploads\/2023\/03\/Suilly-La-Tour-2023-2027-hd2.pdf\" target=\"_blank\">\n\t\t\t\t\t\t<span class=\"elementor-button-content-wrapper\">\n\t\t\t\t\t\t\t\t\t<span class=\"elementor-button-text\">T\u00e9l\u00e9chargez la plaquette<\/span>\n\t\t\t\t\t<\/span>\n\t\t\t\t\t<\/a>\n\t\t\t\t<\/div>\n\t\t\t\t\t\t\t\t<\/div>\n\t\t\t\t<\/div>\n\t\t\t\t\t<\/div>\n\t\t<\/div>\n\t\t\t\t\t<\/div>\n\t\t<\/section>\n\t\t\t\t<section class=\"elementor-section elementor-top-section elementor-element elementor-element-27ce314 elementor-section-boxed elementor-section-height-default elementor-section-height-default\" data-id=\"27ce314\" data-element_type=\"section\" data-e-type=\"section\">\n\t\t\t\t\t\t<div class=\"elementor-container elementor-column-gap-default\">\n\t\t\t\t\t<div class=\"elementor-column elementor-col-66 elementor-top-column elementor-element elementor-element-bbc79ed\" data-id=\"bbc79ed\" data-element_type=\"column\" data-e-type=\"column\">\n\t\t\t<div class=\"elementor-widget-wrap elementor-element-populated\">\n\t\t\t\t\t\t<div class=\"elementor-element elementor-element-f2b89cd elementor-widget elementor-widget-google_maps\" data-id=\"f2b89cd\" data-element_type=\"widget\" data-e-type=\"widget\" data-widget_type=\"google_maps.default\">\n\t\t\t\t<div class=\"elementor-widget-container\">\n\t\t\t\t\t\t\t<div class=\"elementor-custom-embed\">\n\t\t\t<iframe loading=\"lazy\"\n\t\t\t\t\tsrc=\"https:\/\/maps.google.com\/maps?q=520%20chemin%20de%20Garaikoborda%E2%80%A8%2064250%20Souraide&#038;t=m&#038;z=9&#038;output=embed&#038;iwloc=near\"\n\t\t\t\t\ttitle=\"520 chemin de Garaikoborda\u2028 64250 Souraide\"\n\t\t\t\t\taria-label=\"520 chemin de Garaikoborda\u2028 64250 Souraide\"\n\t\t\t><\/iframe>\n\t\t<\/div>\n\t\t\t\t\t\t<\/div>\n\t\t\t\t<\/div>\n\t\t\t\t\t<\/div>\n\t\t<\/div>\n\t\t\t\t<div class=\"elementor-column elementor-col-33 elementor-top-column elementor-element elementor-element-6416ce5\" data-id=\"6416ce5\" data-element_type=\"column\" data-e-type=\"column\">\n\t\t\t<div class=\"elementor-widget-wrap elementor-element-populated\">\n\t\t\t\t\t\t<div class=\"elementor-element elementor-element-7ad127d elementor-widget elementor-widget-heading\" data-id=\"7ad127d\" data-element_type=\"widget\" data-e-type=\"widget\" data-widget_type=\"heading.default\">\n\t\t\t\t<div class=\"elementor-widget-container\">\n\t\t\t\t\t<h2 class=\"elementor-heading-title elementor-size-default\">Contact<\/h2>\t\t\t\t<\/div>\n\t\t\t\t<\/div>\n\t\t\t\t<div class=\"elementor-element elementor-element-3116fb6 elementor-widget elementor-widget-text-editor\" data-id=\"3116fb6\" data-element_type=\"widget\" data-e-type=\"widget\" data-widget_type=\"text-editor.default\">\n\t\t\t\t<div class=\"elementor-widget-container\">\n\t\t\t\t\t\t\t\t\t<p><b>Isabelle Croset<\/b><br \/>520 chemin de Garaikoborda\u2028<br \/>64250 Souraide \/ Pays-Basque<br \/><br \/><\/p><p><a href=\"tel:+33608894720\">06 08 89 47 20 <\/a><\/p><p><a href=\"mailto: croset.isabelle@orange.fr\"> croset.isabelle@orange.fr <\/a><\/p><p><a href=\"https:\/\/www.athayoga.fr\"> www.athayoga.fr<\/a><\/p>\t\t\t\t\t\t\t\t<\/div>\n\t\t\t\t<\/div>\n\t\t\t\t\t<\/div>\n\t\t<\/div>\n\t\t\t\t\t<\/div>\n\t\t<\/section>\n\t\t\t\t<\/div>\n\t\t","protected":false},"excerpt":{"rendered":"<p>SE FORMER AU YOGA Formations de Yoga en Bourgogne Franche Cont\u00e92023-2027 ISABELLE CROSET Bourgogne Franche-Comt\u00e9 Isabelle Croset Parcours Danseuse de formation, Isabelle s\u2019int\u00e9resse particuli\u00e8rement aux danses guerri\u00e8res et gestuelles martiales. Elle ira \u00e9tudier 2 ans en Chine afin d\u2019approfondir sa connaissance des Arts Martiaux Chinois. Elle est aujourd\u2019hui, dipl\u00f4m\u00e9e f\u00e9d\u00e9rale pour l\u2019enseignement des arts internes [&hellip;]<\/p>\n","protected":false},"author":1,"featured_media":0,"parent":0,"menu_order":0,"comment_status":"closed","ping_status":"open","template":"elementor_header_footer","meta":{"ocean_post_layout":"","ocean_both_sidebars_style":"","ocean_both_sidebars_content_width":0,"ocean_both_sidebars_sidebars_width":0,"ocean_sidebar":"","ocean_second_sidebar":"","ocean_disable_margins":"enable","ocean_add_body_class":"","ocean_shortcode_before_top_bar":"","ocean_shortcode_after_top_bar":"","ocean_shortcode_before_header":"","ocean_shortcode_after_header":"","ocean_has_shortcode":"","ocean_shortcode_after_title":"","ocean_shortcode_before_footer_widgets":"","ocean_shortcode_after_footer_widgets":"","ocean_shortcode_before_footer_bottom":"","ocean_shortcode_after_footer_bottom":"","ocean_display_top_bar":"default","ocean_display_header":"default","ocean_header_style":"","ocean_center_header_left_menu":"","ocean_custom_header_template":"","ocean_custom_logo":0,"ocean_custom_retina_logo":0,"ocean_custom_logo_max_width":0,"ocean_custom_logo_tablet_max_width":0,"ocean_custom_logo_mobile_max_width":0,"ocean_custom_logo_max_height":0,"ocean_custom_logo_tablet_max_height":0,"ocean_custom_logo_mobile_max_height":0,"ocean_header_custom_menu":"","ocean_menu_typo_font_family":"","ocean_menu_typo_font_subset":"","ocean_menu_typo_font_size":0,"ocean_menu_typo_font_size_tablet":0,"ocean_menu_typo_font_size_mobile":0,"ocean_menu_typo_font_size_unit":"px","ocean_menu_typo_font_weight":"","ocean_menu_typo_font_weight_tablet":"","ocean_menu_typo_font_weight_mobile":"","ocean_menu_typo_transform":"","ocean_menu_typo_transform_tablet":"","ocean_menu_typo_transform_mobile":"","ocean_menu_typo_line_height":0,"ocean_menu_typo_line_height_tablet":0,"ocean_menu_typo_line_height_mobile":0,"ocean_menu_typo_line_height_unit":"","ocean_menu_typo_spacing":0,"ocean_menu_typo_spacing_tablet":0,"ocean_menu_typo_spacing_mobile":0,"ocean_menu_typo_spacing_unit":"","ocean_menu_link_color":"","ocean_menu_link_color_hover":"","ocean_menu_link_color_active":"","ocean_menu_link_background":"","ocean_menu_link_hover_background":"","ocean_menu_link_active_background":"","ocean_menu_social_links_bg":"","ocean_menu_social_hover_links_bg":"","ocean_menu_social_links_color":"","ocean_menu_social_hover_links_color":"","ocean_disable_title":"default","ocean_disable_heading":"default","ocean_post_title":"","ocean_post_subheading":"","ocean_post_title_style":"","ocean_post_title_background_color":"","ocean_post_title_background":0,"ocean_post_title_bg_image_position":"","ocean_post_title_bg_image_attachment":"","ocean_post_title_bg_image_repeat":"","ocean_post_title_bg_image_size":"","ocean_post_title_height":0,"ocean_post_title_bg_overlay":0.5,"ocean_post_title_bg_overlay_color":"","ocean_disable_breadcrumbs":"default","ocean_breadcrumbs_color":"","ocean_breadcrumbs_separator_color":"","ocean_breadcrumbs_links_color":"","ocean_breadcrumbs_links_hover_color":"","ocean_display_footer_widgets":"default","ocean_display_footer_bottom":"default","ocean_custom_footer_template":"","footnotes":""},"class_list":["post-188","page","type-page","status-publish","hentry","entry"],"_links":{"self":[{"href":"https:\/\/seformerauyoga.com\/index.php\/wp-json\/wp\/v2\/pages\/188","targetHints":{"allow":["GET"]}}],"collection":[{"href":"https:\/\/seformerauyoga.com\/index.php\/wp-json\/wp\/v2\/pages"}],"about":[{"href":"https:\/\/seformerauyoga.com\/index.php\/wp-json\/wp\/v2\/types\/page"}],"author":[{"embeddable":true,"href":"https:\/\/seformerauyoga.com\/index.php\/wp-json\/wp\/v2\/users\/1"}],"replies":[{"embeddable":true,"href":"https:\/\/seformerauyoga.com\/index.php\/wp-json\/wp\/v2\/comments?post=188"}],"version-history":[{"count":86,"href":"https:\/\/seformerauyoga.com\/index.php\/wp-json\/wp\/v2\/pages\/188\/revisions"}],"predecessor-version":[{"id":1551,"href":"https:\/\/seformerauyoga.com\/index.php\/wp-json\/wp\/v2\/pages\/188\/revisions\/1551"}],"wp:attachment":[{"href":"https:\/\/seformerauyoga.com\/index.php\/wp-json\/wp\/v2\/media?parent=188"}],"curies":[{"name":"wp","href":"https:\/\/api.w.org\/{rel}","templated":true}]}}