{"id":35,"date":"2021-11-25T08:00:50","date_gmt":"2021-11-25T07:00:50","guid":{"rendered":"https:\/\/seformerauyoga.com\/?page_id=35"},"modified":"2025-10-21T08:39:11","modified_gmt":"2025-10-21T06:39:11","slug":"lyon","status":"publish","type":"page","link":"https:\/\/seformerauyoga.com\/index.php\/lyon\/","title":{"rendered":"Lyon &#8211; Marie Fran\u00e7oise Garcia &#8211; 2024-2027"},"content":{"rendered":"\t\t<div data-elementor-type=\"wp-page\" data-elementor-id=\"35\" class=\"elementor elementor-35\">\n\t\t\t\t\t\t<section class=\"elementor-section elementor-top-section elementor-element elementor-element-9abe0a0 elementor-section-height-min-height elementor-section-boxed elementor-section-height-default elementor-section-items-middle\" data-id=\"9abe0a0\" data-element_type=\"section\" data-e-type=\"section\" data-settings=\"{&quot;background_background&quot;:&quot;classic&quot;}\">\n\t\t\t\t\t\t<div class=\"elementor-container elementor-column-gap-default\">\n\t\t\t\t\t<div class=\"elementor-column elementor-col-100 elementor-top-column elementor-element elementor-element-2751c3b\" data-id=\"2751c3b\" data-element_type=\"column\" data-e-type=\"column\">\n\t\t\t<div class=\"elementor-widget-wrap elementor-element-populated\">\n\t\t\t\t\t\t<div class=\"elementor-element elementor-element-8e4fd86 elementor-widget elementor-widget-heading\" data-id=\"8e4fd86\" data-element_type=\"widget\" data-e-type=\"widget\" data-widget_type=\"heading.default\">\n\t\t\t\t<div class=\"elementor-widget-container\">\n\t\t\t\t\t<h1 class=\"elementor-heading-title elementor-size-default\">SE FORMER AU YOGA<\/h1>\t\t\t\t<\/div>\n\t\t\t\t<\/div>\n\t\t\t\t<div class=\"elementor-element elementor-element-eb93528 elementor-widget elementor-widget-heading\" data-id=\"eb93528\" data-element_type=\"widget\" data-e-type=\"widget\" data-widget_type=\"heading.default\">\n\t\t\t\t<div class=\"elementor-widget-container\">\n\t\t\t\t\t<h1 class=\"elementor-heading-title elementor-size-default\">Formations de Yoga \u00e0 Lyon 2024-2027<br>MARIE FRANCOISE GARCIA<\/h1>\t\t\t\t<\/div>\n\t\t\t\t<\/div>\n\t\t\t\t\t<\/div>\n\t\t<\/div>\n\t\t\t\t\t<\/div>\n\t\t<\/section>\n\t\t\t\t<section class=\"elementor-section elementor-top-section elementor-element elementor-element-203039f elementor-section-content-middle elementor-section-boxed elementor-section-height-default elementor-section-height-default\" data-id=\"203039f\" data-element_type=\"section\" data-e-type=\"section\">\n\t\t\t\t\t\t<div class=\"elementor-container elementor-column-gap-default\">\n\t\t\t\t\t<div class=\"elementor-column elementor-col-100 elementor-top-column elementor-element elementor-element-d733054\" data-id=\"d733054\" data-element_type=\"column\" data-e-type=\"column\">\n\t\t\t<div class=\"elementor-widget-wrap elementor-element-populated\">\n\t\t\t\t\t\t<section class=\"elementor-section elementor-inner-section elementor-element elementor-element-eb13143 elementor-section-content-middle elementor-section-boxed elementor-section-height-default elementor-section-height-default\" data-id=\"eb13143\" data-element_type=\"section\" data-e-type=\"section\">\n\t\t\t\t\t\t<div class=\"elementor-container elementor-column-gap-default\">\n\t\t\t\t\t<div class=\"elementor-column elementor-col-50 elementor-inner-column elementor-element elementor-element-1633925\" data-id=\"1633925\" data-element_type=\"column\" data-e-type=\"column\">\n\t\t\t<div class=\"elementor-widget-wrap elementor-element-populated\">\n\t\t\t\t\t\t<div class=\"elementor-element elementor-element-82b0baf elementor-widget elementor-widget-image\" data-id=\"82b0baf\" data-element_type=\"widget\" data-e-type=\"widget\" data-widget_type=\"image.default\">\n\t\t\t\t<div class=\"elementor-widget-container\">\n\t\t\t\t\t\t\t\t\t\t\t\t\t\t\t<img fetchpriority=\"high\" decoding=\"async\" width=\"1024\" height=\"979\" src=\"https:\/\/seformerauyoga.com\/wp-content\/uploads\/2022\/01\/MARIE-FRANCOISE-GARCIA-1024x979.jpg\" class=\"attachment-large size-large wp-image-179\" alt=\"\" srcset=\"https:\/\/seformerauyoga.com\/wp-content\/uploads\/2022\/01\/MARIE-FRANCOISE-GARCIA-1024x979.jpg 1024w, https:\/\/seformerauyoga.com\/wp-content\/uploads\/2022\/01\/MARIE-FRANCOISE-GARCIA-300x287.jpg 300w, https:\/\/seformerauyoga.com\/wp-content\/uploads\/2022\/01\/MARIE-FRANCOISE-GARCIA-768x734.jpg 768w, https:\/\/seformerauyoga.com\/wp-content\/uploads\/2022\/01\/MARIE-FRANCOISE-GARCIA.jpg 1248w\" sizes=\"(max-width: 1024px) 100vw, 1024px\" \/>\t\t\t\t\t\t\t\t\t\t\t\t\t\t\t<\/div>\n\t\t\t\t<\/div>\n\t\t\t\t\t<\/div>\n\t\t<\/div>\n\t\t\t\t<div class=\"elementor-column elementor-col-50 elementor-inner-column elementor-element elementor-element-9ac4581\" data-id=\"9ac4581\" data-element_type=\"column\" data-e-type=\"column\">\n\t\t\t<div class=\"elementor-widget-wrap elementor-element-populated\">\n\t\t\t\t\t\t<div class=\"elementor-element elementor-element-633ae2f elementor-widget elementor-widget-heading\" data-id=\"633ae2f\" data-element_type=\"widget\" data-e-type=\"widget\" data-widget_type=\"heading.default\">\n\t\t\t\t<div class=\"elementor-widget-container\">\n\t\t\t\t\t<h2 class=\"elementor-heading-title elementor-size-default\">Lyon<\/h2>\t\t\t\t<\/div>\n\t\t\t\t<\/div>\n\t\t\t\t<div class=\"elementor-element elementor-element-0802afe elementor-widget elementor-widget-heading\" data-id=\"0802afe\" data-element_type=\"widget\" data-e-type=\"widget\" data-widget_type=\"heading.default\">\n\t\t\t\t<div class=\"elementor-widget-container\">\n\t\t\t\t\t<h3 class=\"elementor-heading-title elementor-size-default\">Marie-Fran\u00e7oise Garcia<\/h3>\t\t\t\t<\/div>\n\t\t\t\t<\/div>\n\t\t\t\t\t<\/div>\n\t\t<\/div>\n\t\t\t\t\t<\/div>\n\t\t<\/section>\n\t\t\t\t<div class=\"elementor-element elementor-element-4876aa4 elementor-widget elementor-widget-spacer\" data-id=\"4876aa4\" data-element_type=\"widget\" data-e-type=\"widget\" data-widget_type=\"spacer.default\">\n\t\t\t\t<div class=\"elementor-widget-container\">\n\t\t\t\t\t\t\t<div class=\"elementor-spacer\">\n\t\t\t<div class=\"elementor-spacer-inner\"><\/div>\n\t\t<\/div>\n\t\t\t\t\t\t<\/div>\n\t\t\t\t<\/div>\n\t\t\t\t<div class=\"elementor-element elementor-element-1e2ae8b elementor-widget elementor-widget-heading\" data-id=\"1e2ae8b\" data-element_type=\"widget\" data-e-type=\"widget\" data-widget_type=\"heading.default\">\n\t\t\t\t<div class=\"elementor-widget-container\">\n\t\t\t\t\t<h3 class=\"elementor-heading-title elementor-size-default\">Mon parcours<\/h3>\t\t\t\t<\/div>\n\t\t\t\t<\/div>\n\t\t\t\t<div class=\"elementor-element elementor-element-b99c1fd elementor-widget elementor-widget-text-editor\" data-id=\"b99c1fd\" data-element_type=\"widget\" data-e-type=\"widget\" data-widget_type=\"text-editor.default\">\n\t\t\t\t<div class=\"elementor-widget-container\">\n\t\t\t\t\t\t\t\t\t<p>Apr\u00e8s une carri\u00e8re de danseuse contemporaine o\u00f9 durant 20 ans j\u2019ai tourn\u00e9 sur les cinq continents, rencontrant des artistes de toutes les cultures, je forme depuis 2003 des danseurs professionnels au Conservatoire national sup\u00e9rieur de Lyon. Je suis titulaire du Certificat d\u2019aptitude \u00e0 l\u2019enseignement de la danse contemporaine, d\u00e9livr\u00e9 par le minist\u00e8re de la Culture et m\u00e8ne des projets culturels en lien avec d\u2019autres \u00e9coles sup\u00e9rieures d\u2019art.<\/p><p>Les exigences de la danse \u00e0 niveau professionnel m\u2019am\u00e8nent tr\u00e8s vite \u00e0 chercher des solutions pour am\u00e9liorer le rapport \u00e0 un corps en perp\u00e9tuel surmenage, associ\u00e9 \u00e0 un mental en prise \u00e0 des situations de vie d\u00e9stabilisantes. D\u00e8s l\u2019\u00e2ge de 20 ans, je rencontre le yoga \u00e0 travers l\u2019enseignement de Michel Alibert. Ce travail sur l\u2019\u00e9coute et le souffle r\u00e9pond \u00e0 mes pr\u00e9occupations et attise ma curiosit\u00e9. C\u2019est \u00e0 ce moment que je rencontre Peter Hersnack, avec qui je choisis de faire ma formation initiale \u00e0 l\u2019enseignement de yoga. Mon m\u00e9moire de fin d\u2019\u00e9tude, \u00ab Approcher le silence \u00bb, est publi\u00e9 par les Cahiers de Pr\u00e9sence d\u2019Esprit. Depuis lors, je n\u2019ai de cesse d\u2019enseigner le yoga \u00e0 des publics tr\u00e8s divers et d\u2019approfondir mes connaissances, notamment aupr\u00e8s d\u2019autres \u00e9l\u00e8ves de T.K.V. Desikachar en Inde.<\/p><p>J\u2019ai cr\u00e9\u00e9 mon propre Centre de yoga \u00e0 Lyon en 2011 et y ai engag\u00e9 ma premi\u00e8re formation \u00e0 l\u2019enseignement. Je me suis enrichie du contact et de l\u2019enseignement de Martyn Neal, qui a accept\u00e9 d\u2019\u00eatre mon tuteur avant que je rejoigne le coll\u00e8ge des formateurs en 2016.<\/p>\t\t\t\t\t\t\t\t<\/div>\n\t\t\t\t<\/div>\n\t\t\t\t<div class=\"elementor-element elementor-element-4ea979d elementor-widget elementor-widget-heading\" data-id=\"4ea979d\" data-element_type=\"widget\" data-e-type=\"widget\" data-widget_type=\"heading.default\">\n\t\t\t\t<div class=\"elementor-widget-container\">\n\t\t\t\t\t<h3 class=\"elementor-heading-title elementor-size-default\">Transmettre le yoga<\/h3>\t\t\t\t<\/div>\n\t\t\t\t<\/div>\n\t\t\t\t<div class=\"elementor-element elementor-element-9f36f8d elementor-widget elementor-widget-text-editor\" data-id=\"9f36f8d\" data-element_type=\"widget\" data-e-type=\"widget\" data-widget_type=\"text-editor.default\">\n\t\t\t\t<div class=\"elementor-widget-container\">\n\t\t\t\t\t\t\t\t\t<p>C\u2019est s\u2019inscrire avec rigueur et cr\u00e9ativit\u00e9 dans une lign\u00e9e d\u2019enseignement qui met la personne au centre de la pratique. C\u2019est proposer des outils adapt\u00e9s pour que chacun puisse se r\u00e9aliser \u00e0 partir de son potentiel et de ses sources d\u2019int\u00e9r\u00eats. C\u2019est rendre l\u2019\u00e9l\u00e8ve acteur de sa vie et de sa sant\u00e9. C\u2019est une relation humaine de c\u0153ur \u00e0 c\u0153ur. C\u2019est se mettre au service de la Vie. C\u2019est faire grandir sa capacit\u00e9 \u00e0 \u00e9couter.<\/p>\t\t\t\t\t\t\t\t<\/div>\n\t\t\t\t<\/div>\n\t\t\t\t<div class=\"elementor-element elementor-element-883bb20 elementor-widget elementor-widget-heading\" data-id=\"883bb20\" data-element_type=\"widget\" data-e-type=\"widget\" data-widget_type=\"heading.default\">\n\t\t\t\t<div class=\"elementor-widget-container\">\n\t\t\t\t\t<h3 class=\"elementor-heading-title elementor-size-default\">Mon r\u00f4le de formatrice<\/h3>\t\t\t\t<\/div>\n\t\t\t\t<\/div>\n\t\t\t\t<div class=\"elementor-element elementor-element-b1e0a1f elementor-widget elementor-widget-text-editor\" data-id=\"b1e0a1f\" data-element_type=\"widget\" data-e-type=\"widget\" data-widget_type=\"text-editor.default\">\n\t\t\t\t<div class=\"elementor-widget-container\">\n\t\t\t\t\t\t\t\t\t<p>Mon r\u00f4le de formatrice est de mettre en place la confiance et les connaissances n\u00e9cessaires pour donner go\u00fbt \u00e0 un travail de recherche. Ces investigations produisent des transformations n\u00e9cessitant parfois un accompagnement bienveillant de la part du formateur. Ce dernier est garant de la qualit\u00e9 de ce temps d\u2019infusion qui permet la diffusion. Il m\u2019appara\u00eet important de travailler en synergie avec les autres formateurs du coll\u00e8ge et faire avancer la r\u00e9flexion sur l\u2019IFY et la transmission du yoga.<\/p><p>Programme d\u00e9taill\u00e9 sur demande.<\/p>\t\t\t\t\t\t\t\t<\/div>\n\t\t\t\t<\/div>\n\t\t\t\t<div class=\"elementor-element elementor-element-3666683 elementor-align-center elementor-mobile-align-center elementor-widget elementor-widget-button\" data-id=\"3666683\" data-element_type=\"widget\" data-e-type=\"widget\" data-widget_type=\"button.default\">\n\t\t\t\t<div class=\"elementor-widget-container\">\n\t\t\t\t\t\t\t\t\t<div class=\"elementor-button-wrapper\">\n\t\t\t\t\t<a class=\"elementor-button elementor-button-link elementor-size-sm elementor-animation-grow\" href=\"https:\/\/seformerauyoga.com\/wp-content\/uploads\/2023\/04\/FLYER-A5-FORMATION-24-27-MFGARCIA.pdf\" target=\"_blank\">\n\t\t\t\t\t\t<span class=\"elementor-button-content-wrapper\">\n\t\t\t\t\t\t\t\t\t<span class=\"elementor-button-text\">T\u00e9l\u00e9chargez la plaquette<\/span>\n\t\t\t\t\t<\/span>\n\t\t\t\t\t<\/a>\n\t\t\t\t<\/div>\n\t\t\t\t\t\t\t\t<\/div>\n\t\t\t\t<\/div>\n\t\t\t\t\t<\/div>\n\t\t<\/div>\n\t\t\t\t\t<\/div>\n\t\t<\/section>\n\t\t\t\t<section class=\"elementor-section elementor-top-section elementor-element elementor-element-1ad9693 elementor-section-boxed elementor-section-height-default elementor-section-height-default\" data-id=\"1ad9693\" data-element_type=\"section\" data-e-type=\"section\">\n\t\t\t\t\t\t<div class=\"elementor-container elementor-column-gap-default\">\n\t\t\t\t\t<div class=\"elementor-column elementor-col-66 elementor-top-column elementor-element elementor-element-a84a666\" data-id=\"a84a666\" data-element_type=\"column\" data-e-type=\"column\">\n\t\t\t<div class=\"elementor-widget-wrap elementor-element-populated\">\n\t\t\t\t\t\t<div class=\"elementor-element elementor-element-24424f2 elementor-widget elementor-widget-google_maps\" data-id=\"24424f2\" data-element_type=\"widget\" data-e-type=\"widget\" data-widget_type=\"google_maps.default\">\n\t\t\t\t<div class=\"elementor-widget-container\">\n\t\t\t\t\t\t\t<div class=\"elementor-custom-embed\">\n\t\t\t<iframe loading=\"lazy\"\n\t\t\t\t\tsrc=\"https:\/\/maps.google.com\/maps?q=65%20rue%20H%C3%A9non%2069004%20LYON&#038;t=m&#038;z=12&#038;output=embed&#038;iwloc=near\"\n\t\t\t\t\ttitle=\"65 rue H\u00e9non 69004 LYON\"\n\t\t\t\t\taria-label=\"65 rue H\u00e9non 69004 LYON\"\n\t\t\t><\/iframe>\n\t\t<\/div>\n\t\t\t\t\t\t<\/div>\n\t\t\t\t<\/div>\n\t\t\t\t\t<\/div>\n\t\t<\/div>\n\t\t\t\t<div class=\"elementor-column elementor-col-33 elementor-top-column elementor-element elementor-element-4def438\" data-id=\"4def438\" data-element_type=\"column\" data-e-type=\"column\">\n\t\t\t<div class=\"elementor-widget-wrap elementor-element-populated\">\n\t\t\t\t\t\t<div class=\"elementor-element elementor-element-fcf5ff2 elementor-widget elementor-widget-heading\" data-id=\"fcf5ff2\" data-element_type=\"widget\" data-e-type=\"widget\" data-widget_type=\"heading.default\">\n\t\t\t\t<div class=\"elementor-widget-container\">\n\t\t\t\t\t<h2 class=\"elementor-heading-title elementor-size-default\">Contact<\/h2>\t\t\t\t<\/div>\n\t\t\t\t<\/div>\n\t\t\t\t<div class=\"elementor-element elementor-element-e8e2f6b elementor-widget elementor-widget-text-editor\" data-id=\"e8e2f6b\" data-element_type=\"widget\" data-e-type=\"widget\" data-widget_type=\"text-editor.default\">\n\t\t\t\t<div class=\"elementor-widget-container\">\n\t\t\t\t\t\t\t\t\t<p><b>CEFEDYL<\/b><br \/>65 rue H\u00e9non<br \/>69004 LYON<br \/><br \/><\/p><p><a href=\"tel:+33607241753\">06 07 24 17 53<\/a><\/p><p><a href=\"mailto: m.f.garcia@free.fr\">m.f.garcia@free.fr<\/a><\/p><p><a href=\"http:\/\/www.yoga-danse-lyon4.fr\/formation-a-lenseignement-du-yoga\/\">www.yoga-danse-lyon4.fr<\/a><\/p>\t\t\t\t\t\t\t\t<\/div>\n\t\t\t\t<\/div>\n\t\t\t\t\t<\/div>\n\t\t<\/div>\n\t\t\t\t\t<\/div>\n\t\t<\/section>\n\t\t\t\t<\/div>\n\t\t","protected":false},"excerpt":{"rendered":"<p>SE FORMER AU YOGA Formations de Yoga \u00e0 Lyon 2024-2027MARIE FRANCOISE GARCIA Lyon Marie-Fran\u00e7oise Garcia Mon parcours Apr\u00e8s une carri\u00e8re de danseuse contemporaine o\u00f9 durant 20 ans j\u2019ai tourn\u00e9 sur les cinq continents, rencontrant des artistes de toutes les cultures, je forme depuis 2003 des danseurs professionnels au Conservatoire national sup\u00e9rieur de Lyon. Je suis [&hellip;]<\/p>\n","protected":false},"author":1,"featured_media":0,"parent":0,"menu_order":0,"comment_status":"closed","ping_status":"open","template":"elementor_header_footer","meta":{"ocean_post_layout":"","ocean_both_sidebars_style":"","ocean_both_sidebars_content_width":0,"ocean_both_sidebars_sidebars_width":0,"ocean_sidebar":"","ocean_second_sidebar":"","ocean_disable_margins":"enable","ocean_add_body_class":"","ocean_shortcode_before_top_bar":"","ocean_shortcode_after_top_bar":"","ocean_shortcode_before_header":"","ocean_shortcode_after_header":"","ocean_has_shortcode":"","ocean_shortcode_after_title":"","ocean_shortcode_before_footer_widgets":"","ocean_shortcode_after_footer_widgets":"","ocean_shortcode_before_footer_bottom":"","ocean_shortcode_after_footer_bottom":"","ocean_display_top_bar":"default","ocean_display_header":"default","ocean_header_style":"","ocean_center_header_left_menu":"","ocean_custom_header_template":"","ocean_custom_logo":0,"ocean_custom_retina_logo":0,"ocean_custom_logo_max_width":0,"ocean_custom_logo_tablet_max_width":0,"ocean_custom_logo_mobile_max_width":0,"ocean_custom_logo_max_height":0,"ocean_custom_logo_tablet_max_height":0,"ocean_custom_logo_mobile_max_height":0,"ocean_header_custom_menu":"","ocean_menu_typo_font_family":"","ocean_menu_typo_font_subset":"","ocean_menu_typo_font_size":0,"ocean_menu_typo_font_size_tablet":0,"ocean_menu_typo_font_size_mobile":0,"ocean_menu_typo_font_size_unit":"px","ocean_menu_typo_font_weight":"","ocean_menu_typo_font_weight_tablet":"","ocean_menu_typo_font_weight_mobile":"","ocean_menu_typo_transform":"","ocean_menu_typo_transform_tablet":"","ocean_menu_typo_transform_mobile":"","ocean_menu_typo_line_height":0,"ocean_menu_typo_line_height_tablet":0,"ocean_menu_typo_line_height_mobile":0,"ocean_menu_typo_line_height_unit":"","ocean_menu_typo_spacing":0,"ocean_menu_typo_spacing_tablet":0,"ocean_menu_typo_spacing_mobile":0,"ocean_menu_typo_spacing_unit":"","ocean_menu_link_color":"","ocean_menu_link_color_hover":"","ocean_menu_link_color_active":"","ocean_menu_link_background":"","ocean_menu_link_hover_background":"","ocean_menu_link_active_background":"","ocean_menu_social_links_bg":"","ocean_menu_social_hover_links_bg":"","ocean_menu_social_links_color":"","ocean_menu_social_hover_links_color":"","ocean_disable_title":"default","ocean_disable_heading":"default","ocean_post_title":"","ocean_post_subheading":"","ocean_post_title_style":"","ocean_post_title_background_color":"","ocean_post_title_background":0,"ocean_post_title_bg_image_position":"","ocean_post_title_bg_image_attachment":"","ocean_post_title_bg_image_repeat":"","ocean_post_title_bg_image_size":"","ocean_post_title_height":0,"ocean_post_title_bg_overlay":0.5,"ocean_post_title_bg_overlay_color":"","ocean_disable_breadcrumbs":"default","ocean_breadcrumbs_color":"","ocean_breadcrumbs_separator_color":"","ocean_breadcrumbs_links_color":"","ocean_breadcrumbs_links_hover_color":"","ocean_display_footer_widgets":"default","ocean_display_footer_bottom":"default","ocean_custom_footer_template":"","footnotes":""},"class_list":["post-35","page","type-page","status-publish","hentry","entry"],"_links":{"self":[{"href":"https:\/\/seformerauyoga.com\/index.php\/wp-json\/wp\/v2\/pages\/35","targetHints":{"allow":["GET"]}}],"collection":[{"href":"https:\/\/seformerauyoga.com\/index.php\/wp-json\/wp\/v2\/pages"}],"about":[{"href":"https:\/\/seformerauyoga.com\/index.php\/wp-json\/wp\/v2\/types\/page"}],"author":[{"embeddable":true,"href":"https:\/\/seformerauyoga.com\/index.php\/wp-json\/wp\/v2\/users\/1"}],"replies":[{"embeddable":true,"href":"https:\/\/seformerauyoga.com\/index.php\/wp-json\/wp\/v2\/comments?post=35"}],"version-history":[{"count":76,"href":"https:\/\/seformerauyoga.com\/index.php\/wp-json\/wp\/v2\/pages\/35\/revisions"}],"predecessor-version":[{"id":1539,"href":"https:\/\/seformerauyoga.com\/index.php\/wp-json\/wp\/v2\/pages\/35\/revisions\/1539"}],"wp:attachment":[{"href":"https:\/\/seformerauyoga.com\/index.php\/wp-json\/wp\/v2\/media?parent=35"}],"curies":[{"name":"wp","href":"https:\/\/api.w.org\/{rel}","templated":true}]}}